{"id":40,"date":"2026-03-09T19:59:20","date_gmt":"2026-03-09T18:59:20","guid":{"rendered":"https:\/\/elmobenegas.es\/?page_id=40"},"modified":"2026-03-10T14:52:32","modified_gmt":"2026-03-10T13:52:32","slug":"clientes","status":"publish","type":"page","link":"https:\/\/elmobenegas.es\/?page_id=40","title":{"rendered":"Clientes"},"content":{"rendered":"\n<div class=\"wp-block-cover alignfull\" style=\"min-height:300px;aspect-ratio:unset;\"><span aria-hidden=\"true\" class=\"wp-block-cover__background has-background-dim-100 has-background-dim\" style=\"background-color:#0d3192\"><\/span><div class=\"wp-block-cover__inner-container is-layout-flow wp-block-cover-is-layout-flow\">\n\n<h1 class=\"has-text-align-center wp-block-heading\" style=\"color:#ffffff\">Nuestros Clientes<\/h1>\n\n<\/div><\/div>\n\n\n\n<div class=\"wp-block-group alignfull is-layout-constrained wp-block-group-is-layout-constrained\" style=\"padding-top:80px;padding-bottom:80px\">\n\n\n<p class=\"has-text-align-center\" style=\"color:#666666;font-size:1.1rem\">Empresas que conf\u00edan en nosotros para sus proyectos de ingenier\u00eda industrial<\/p>\n\n\n\n<div class=\"wp-block-columns is-layout-flex wp-container-core-columns-is-layout-ad2b8949 wp-block-columns-is-layout-flex\" style=\"margin-top:50px\">\n\n<div class=\"wp-block-column is-layout-flow wp-block-column-is-layout-flow\" style=\"padding-top:20px;padding-bottom:20px\">\n\n<figure class=\"wp-block-image aligncenter size-full is-resized\"><img decoding=\"async\" src=\"https:\/\/elmobenegas.es\/wp-content\/uploads\/elmo-benegas\/clientes\/02 EMTISA.png\" alt=\"Emtisa\" style=\"width:150px\"\/><\/figure>\n\n\n<p class=\"has-text-align-center\" style=\"color:#666;font-size:0.85rem\">Chasis y piezas met\u00e1licas para autom\u00f3vil<\/p>\n\n<\/div>\n\n\n<div class=\"wp-block-column is-layout-flow wp-block-column-is-layout-flow\" style=\"padding-top:20px;padding-bottom:20px\">\n\n<figure class=\"wp-block-image aligncenter size-full is-resized\"><img decoding=\"async\" src=\"https:\/\/elmobenegas.es\/wp-content\/uploads\/elmo-benegas\/clientes\/04 DAYCO.png\" alt=\"Dayco\" style=\"width:150px\"\/><\/figure>\n\n\n<p class=\"has-text-align-center\" style=\"color:#666;font-size:0.85rem\">Productos para motores y servicios para autom\u00f3viles<\/p>\n\n<\/div>\n\n\n<div class=\"wp-block-column is-layout-flow wp-block-column-is-layout-flow\" style=\"padding-top:20px;padding-bottom:20px\">\n\n<figure class=\"wp-block-image aligncenter size-full is-resized\"><img decoding=\"async\" src=\"https:\/\/elmobenegas.es\/wp-content\/uploads\/elmo-benegas\/clientes\/Faurecia.png\" alt=\"Faurecia\" style=\"width:150px\"\/><\/figure>\n\n\n<p class=\"has-text-align-center\" style=\"color:#666;font-size:0.85rem\">Asientos, sistemas de interiores y control de emisiones<\/p>\n\n<\/div>\n\n\n<div class=\"wp-block-column is-layout-flow wp-block-column-is-layout-flow\" style=\"padding-top:20px;padding-bottom:20px\">\n\n<figure class=\"wp-block-image aligncenter size-full is-resized\"><img decoding=\"async\" src=\"https:\/\/elmobenegas.es\/wp-content\/uploads\/elmo-benegas\/clientes\/MAHLE.jpg\" alt=\"Mahle\" style=\"width:150px\"\/><\/figure>\n\n\n<p class=\"has-text-align-center\" style=\"color:#666;font-size:0.85rem\">Componentes de veh\u00edculos comerciales y de pasajeros<\/p>\n\n<\/div>\n\n<\/div>\n\n\n\n<div class=\"wp-block-columns is-layout-flex wp-container-core-columns-is-layout-92515837 wp-block-columns-is-layout-flex\">\n\n<div class=\"wp-block-column is-layout-flow wp-block-column-is-layout-flow\" style=\"padding-top:20px;padding-bottom:20px\">\n\n<figure class=\"wp-block-image aligncenter size-full is-resized\"><img decoding=\"async\" src=\"https:\/\/elmobenegas.es\/wp-content\/uploads\/elmo-benegas\/clientes\/Doga.jpg\" alt=\"Doga\" style=\"width:150px\"\/><\/figure>\n\n\n<p class=\"has-text-align-center\" style=\"color:#666;font-size:0.85rem\">Limpiaparabrisas, motores CC, estampaci\u00f3n<\/p>\n\n<\/div>\n\n\n<div class=\"wp-block-column is-layout-flow wp-block-column-is-layout-flow\" style=\"padding-top:20px;padding-bottom:20px\">\n\n<figure class=\"wp-block-image aligncenter size-full is-resized\"><img decoding=\"async\" src=\"https:\/\/elmobenegas.es\/wp-content\/uploads\/elmo-benegas\/clientes\/Federal Mogul-MOTORPARTS.jpg\" alt=\"Federal Mogul\" style=\"width:150px\"\/><\/figure>\n\n\n<p class=\"has-text-align-center\" style=\"color:#666;font-size:0.85rem\">Pastillas de freno, filtros, juntas para automoci\u00f3n<\/p>\n\n<\/div>\n\n\n<div class=\"wp-block-column is-layout-flow wp-block-column-is-layout-flow\" style=\"padding-top:20px;padding-bottom:20px\">\n\n<figure class=\"wp-block-image aligncenter size-full is-resized\"><img decoding=\"async\" src=\"https:\/\/elmobenegas.es\/wp-content\/uploads\/elmo-benegas\/clientes\/15 SYNTHON.jpg\" alt=\"Synthon\" style=\"width:150px\"\/><\/figure>\n\n\n<p class=\"has-text-align-center\" style=\"color:#666;font-size:0.85rem\">Investigaci\u00f3n y desarrollo de medicamentos<\/p>\n\n<\/div>\n\n\n<div class=\"wp-block-column is-layout-flow wp-block-column-is-layout-flow\" style=\"padding-top:20px;padding-bottom:20px\">\n\n<figure class=\"wp-block-image aligncenter size-full is-resized\"><img decoding=\"async\" src=\"https:\/\/elmobenegas.es\/wp-content\/uploads\/elmo-benegas\/clientes\/Veolia.png\" alt=\"Veolia\" style=\"width:150px\"\/><\/figure>\n\n\n<p class=\"has-text-align-center\" style=\"color:#666;font-size:0.85rem\">Eficiencia energ\u00e9tica<\/p>\n\n<\/div>\n\n<\/div>\n\n\n\n<div class=\"wp-block-columns is-layout-flex wp-container-core-columns-is-layout-92515837 wp-block-columns-is-layout-flex\">\n\n<div class=\"wp-block-column is-layout-flow wp-block-column-is-layout-flow\" style=\"padding-top:20px;padding-bottom:20px\">\n\n<figure class=\"wp-block-image aligncenter size-full is-resized\"><img decoding=\"async\" src=\"https:\/\/elmobenegas.es\/wp-content\/uploads\/elmo-benegas\/clientes\/14 AC MARCA.jpg\" alt=\"AC Marca\" style=\"width:150px\"\/><\/figure>\n\n\n<p class=\"has-text-align-center\" style=\"color:#666;font-size:0.85rem\">Productos para el hogar, bricolaje y adhesivos<\/p>\n\n<\/div>\n\n\n<div class=\"wp-block-column is-layout-flow wp-block-column-is-layout-flow\" style=\"padding-top:20px;padding-bottom:20px\">\n\n<figure class=\"wp-block-image aligncenter size-full is-resized\"><img decoding=\"async\" src=\"https:\/\/elmobenegas.es\/wp-content\/uploads\/elmo-benegas\/clientes\/Estamp.png\" alt=\"Estamp\" style=\"width:150px\"\/><\/figure>\n\n\n<p class=\"has-text-align-center\" style=\"color:#666;font-size:0.85rem\">Estampado de metal para automoci\u00f3n<\/p>\n\n<\/div>\n\n\n<div class=\"wp-block-column is-layout-flow wp-block-column-is-layout-flow\" style=\"padding-top:20px;padding-bottom:20px\">\n\n<figure class=\"wp-block-image aligncenter size-full is-resized\"><img decoding=\"async\" src=\"https:\/\/elmobenegas.es\/wp-content\/uploads\/elmo-benegas\/clientes\/Sogefi_Group_190.jpg\" alt=\"Sogefi\" style=\"width:150px\"\/><\/figure>\n\n\n<p class=\"has-text-align-center\" style=\"color:#666;font-size:0.85rem\">Suspensiones, aire, refrigeraci\u00f3n y filtrado<\/p>\n\n<\/div>\n\n\n<div class=\"wp-block-column is-layout-flow wp-block-column-is-layout-flow\" style=\"padding-top:20px;padding-bottom:20px\">\n\n<figure class=\"wp-block-image aligncenter size-full is-resized\"><img decoding=\"async\" src=\"https:\/\/elmobenegas.es\/wp-content\/uploads\/elmo-benegas\/clientes\/ti_AUTOMOTIVE.jpg\" alt=\"TI Automotive\" style=\"width:150px\"\/><\/figure>\n\n\n<p class=\"has-text-align-center\" style=\"color:#666;font-size:0.85rem\">Sistemas portadores de fluido y tanques<\/p>\n\n<\/div>\n\n<\/div>\n\n\n\n<div class=\"wp-block-columns is-layout-flex wp-container-core-columns-is-layout-92515837 wp-block-columns-is-layout-flex\">\n\n<div class=\"wp-block-column is-layout-flow wp-block-column-is-layout-flow\" style=\"padding-top:20px;padding-bottom:20px\">\n\n<figure class=\"wp-block-image aligncenter size-full is-resized\"><img decoding=\"async\" src=\"https:\/\/elmobenegas.es\/wp-content\/uploads\/elmo-benegas\/clientes\/Sanjo-202-40.jpg\" alt=\"Sanjo\" style=\"width:150px\"\/><\/figure>\n\n\n<p class=\"has-text-align-center\" style=\"color:#666;font-size:0.85rem\">Corte fino, montajes, tratamientos t\u00e9rmicos<\/p>\n\n<\/div>\n\n\n<div class=\"wp-block-column is-layout-flow wp-block-column-is-layout-flow\" style=\"padding-top:20px;padding-bottom:20px\">\n\n<figure class=\"wp-block-image aligncenter size-full is-resized\"><img decoding=\"async\" src=\"https:\/\/elmobenegas.es\/wp-content\/uploads\/elmo-benegas\/clientes\/SUPERSAFE-TRANSPARENTE.png\" alt=\"Supersafe\" style=\"width:150px\"\/><\/figure>\n\n\n<p class=\"has-text-align-center\" style=\"color:#666;font-size:0.85rem\">Fabricaci\u00f3n de guantes de uso industrial<\/p>\n\n<\/div>\n\n\n<div class=\"wp-block-column is-layout-flow wp-block-column-is-layout-flow\" style=\"padding-top:20px;padding-bottom:20px\">\n\n<figure class=\"wp-block-image aligncenter size-full is-resized\"><img decoding=\"async\" src=\"https:\/\/elmobenegas.es\/wp-content\/uploads\/elmo-benegas\/clientes\/logo eteve.png\" alt=\"Esteve\" style=\"width:150px\"\/><\/figure>\n\n\n<p class=\"has-text-align-center\" style=\"color:#666;font-size:0.85rem\">Farmac\u00e9utica<\/p>\n\n<\/div>\n\n\n<div class=\"wp-block-column is-layout-flow wp-block-column-is-layout-flow\" style=\"padding-top:20px;padding-bottom:20px\">\n\n<figure class=\"wp-block-image aligncenter size-full is-resized\"><img decoding=\"async\" src=\"https:\/\/elmobenegas.es\/wp-content\/uploads\/elmo-benegas\/clientes\/descarga.png\" alt=\"SMP Peguform\" style=\"width:150px\"\/><\/figure>\n\n\n<p class=\"has-text-align-center\" style=\"color:#666;font-size:0.85rem\">Pl\u00e1sticos para el sector de la automoci\u00f3n<\/p>\n\n<\/div>\n\n<\/div>\n\n<\/div>\n","protected":false},"excerpt":{"rendered":"<p>Empresas que conf\u00edan en nosotros para sus proyectos de ingenier\u00eda industrial Chasis y piezas met\u00e1licas para autom\u00f3vil Productos para motores y servicios para autom\u00f3viles Asientos,&#8230;<\/p>\n","protected":false},"author":1,"featured_media":0,"parent":26,"menu_order":0,"comment_status":"closed","ping_status":"closed","template":"","meta":{"site-sidebar-layout":"no-sidebar","site-content-layout":"plain-container","ast-site-content-layout":"full-width","site-content-style":"default","site-sidebar-style":"default","ast-global-header-display":"","ast-banner-title-visibility":"","ast-main-header-display":"","ast-hfb-above-header-display":"","ast-hfb-below-header-display":"","ast-hfb-mobile-header-display":"","site-post-title":"disabled","ast-breadcrumbs-content":"","ast-featured-img":"","footer-sml-layout":"","ast-disable-related-posts":"","theme-transparent-header-meta":"disabled","adv-header-id-meta":"","stick-header-meta":"","header-above-stick-meta":"","header-main-stick-meta":"","header-below-stick-meta":"","astra-migrate-meta-layouts":"default","ast-page-background-enabled":"default","ast-page-background-meta":{"desktop":{"background-color":"var(--ast-global-color-5)","background-image":"","background-repeat":"repeat","background-position":"center center","background-size":"auto","background-attachment":"scroll","background-type":"","background-media":"","overlay-type":"","overlay-color":"","overlay-opacity":"","overlay-gradient":""},"tablet":{"background-color":"","background-image":"","background-repeat":"repeat","background-position":"center center","background-size":"auto","background-attachment":"scroll","background-type":"","background-media":"","overlay-type":"","overlay-color":"","overlay-opacity":"","overlay-gradient":""},"mobile":{"background-color":"","background-image":"","background-repeat":"repeat","background-position":"center center","background-size":"auto","background-attachment":"scroll","background-type":"","background-media":"","overlay-type":"","overlay-color":"","overlay-opacity":"","overlay-gradient":""}},"ast-content-background-meta":{"desktop":{"background-color":"var(--ast-global-color-4)","background-image":"","background-repeat":"repeat","background-position":"center center","background-size":"auto","background-attachment":"scroll","background-type":"","background-media":"","overlay-type":"","overlay-color":"","overlay-opacity":"","overlay-gradient":""},"tablet":{"background-color":"var(--ast-global-color-4)","background-image":"","background-repeat":"repeat","background-position":"center center","background-size":"auto","background-attachment":"scroll","background-type":"","background-media":"","overlay-type":"","overlay-color":"","overlay-opacity":"","overlay-gradient":""},"mobile":{"background-color":"var(--ast-global-color-4)","background-image":"","background-repeat":"repeat","background-position":"center center","background-size":"auto","background-attachment":"scroll","background-type":"","background-media":"","overlay-type":"","overlay-color":"","overlay-opacity":"","overlay-gradient":""}},"footnotes":""},"class_list":["post-40","page","type-page","status-publish","hentry"],"_links":{"self":[{"href":"https:\/\/elmobenegas.es\/index.php?rest_route=\/wp\/v2\/pages\/40","targetHints":{"allow":["GET"]}}],"collection":[{"href":"https:\/\/elmobenegas.es\/index.php?rest_route=\/wp\/v2\/pages"}],"about":[{"href":"https:\/\/elmobenegas.es\/index.php?rest_route=\/wp\/v2\/types\/page"}],"author":[{"embeddable":true,"href":"https:\/\/elmobenegas.es\/index.php?rest_route=\/wp\/v2\/users\/1"}],"replies":[{"embeddable":true,"href":"https:\/\/elmobenegas.es\/index.php?rest_route=%2Fwp%2Fv2%2Fcomments&post=40"}],"version-history":[{"count":1,"href":"https:\/\/elmobenegas.es\/index.php?rest_route=\/wp\/v2\/pages\/40\/revisions"}],"predecessor-version":[{"id":63,"href":"https:\/\/elmobenegas.es\/index.php?rest_route=\/wp\/v2\/pages\/40\/revisions\/63"}],"up":[{"embeddable":true,"href":"https:\/\/elmobenegas.es\/index.php?rest_route=\/wp\/v2\/pages\/26"}],"wp:attachment":[{"href":"https:\/\/elmobenegas.es\/index.php?rest_route=%2Fwp%2Fv2%2Fmedia&parent=40"}],"curies":[{"name":"wp","href":"https:\/\/api.w.org\/{rel}","templated":true}]}}