{"id":28,"date":"2026-03-09T19:30:14","date_gmt":"2026-03-09T18:30:14","guid":{"rendered":"https:\/\/elmobenegas.es\/?page_id=28"},"modified":"2026-03-10T14:52:32","modified_gmt":"2026-03-10T13:52:32","slug":"capacidades","status":"publish","type":"page","link":"https:\/\/elmobenegas.es\/?page_id=28","title":{"rendered":"Capacidades"},"content":{"rendered":"\n<div class=\"wp-block-cover alignfull\" style=\"min-height:300px;aspect-ratio:unset;\"><span aria-hidden=\"true\" class=\"wp-block-cover__background has-background-dim-100 has-background-dim\" style=\"background-color:#0d3192\"><\/span><div class=\"wp-block-cover__inner-container is-layout-flow wp-block-cover-is-layout-flow\">\n\n<h1 class=\"has-text-align-center wp-block-heading\" style=\"color:#ffffff\">Capacidades<\/h1>\n\n\n<p class=\"has-text-align-center\" style=\"color:rgba(255,255,255,0.8)\">Del an\u00e1lisis del proyecto al servicio postventa<\/p>\n\n<\/div><\/div>\n\n\n\n<div class=\"wp-block-group alignfull is-layout-constrained wp-block-group-is-layout-constrained\" style=\"padding-top:80px;padding-bottom:40px\">\n\n\n<div class=\"wp-block-columns is-layout-flex wp-container-core-columns-is-layout-f2b4f319 wp-block-columns-is-layout-flex\">\n\n<div class=\"wp-block-column has-background is-layout-flow wp-block-column-is-layout-flow\" style=\"border-radius:8px;border-left-color:#0d3192;border-left-width:4px;background-color:#f5f5f5;padding-top:35px;padding-right:30px;padding-bottom:35px;padding-left:30px\">\n\n<h3 class=\"wp-block-heading\" style=\"font-size:1.15rem\">1. An\u00e1lisis del Proyecto<\/h3>\n\n\n<p style=\"color:#555555;font-size:0.95rem\">La realizaci\u00f3n de un proyecto comienza analizando junto a nuestros clientes las necesidades de producci\u00f3n que tienen. Para ello nuestro equipo de t\u00e9cnicos y comerciales estudian cada una de las posibles soluciones hasta llegar a la m\u00e1s viable y adecuada para la aplicaci\u00f3n requerida.<\/p>\n\n<\/div>\n\n\n\n<div class=\"wp-block-column has-background is-layout-flow wp-block-column-is-layout-flow\" style=\"border-radius:8px;border-left-color:#0d3192;border-left-width:4px;background-color:#f5f5f5;padding-top:35px;padding-right:30px;padding-bottom:35px;padding-left:30px\">\n\n<h3 class=\"wp-block-heading\" style=\"font-size:1.15rem\">2. Dise\u00f1o Mec\u00e1nico<\/h3>\n\n\n<p style=\"color:#555555;font-size:0.95rem\">Nuestro departamento de ingenier\u00eda y dise\u00f1o mec\u00e1nico da vida al proyecto haciendo uso de herramientas de dise\u00f1o en 3D tales como Inventor, Solidworks, Autocad y Catia. El equipo de dise\u00f1o cuenta con amplia experiencia en dise\u00f1os de peque\u00f1a y de gran envergadura, estaciones de trabajo y utillajes.<\/p>\n\n<\/div>\n\n<\/div>\n\n\n\n<div class=\"wp-block-columns is-layout-flex wp-container-core-columns-is-layout-593741ae wp-block-columns-is-layout-flex\" style=\"margin-top:30px\">\n\n<div class=\"wp-block-column has-background is-layout-flow wp-block-column-is-layout-flow\" style=\"border-radius:8px;border-left-color:#0d3192;border-left-width:4px;background-color:#f5f5f5;padding-top:35px;padding-right:30px;padding-bottom:35px;padding-left:30px\">\n\n<h3 class=\"wp-block-heading\" style=\"font-size:1.15rem\">3. Ingenier\u00eda El\u00e9ctrica<\/h3>\n\n\n<p style=\"color:#555555;font-size:0.95rem\">Nuestro departamento de ingenier\u00eda el\u00e9ctrica est\u00e1 formado por t\u00e9cnicos altamente cualificados y de amplia experiencia. Para cada proyecto se estudia la selecci\u00f3n de los elementos necesarios para la conexi\u00f3n de la m\u00e1quina, sus seguridades, balizas, se\u00f1alizaci\u00f3n e interfaces y montamos por completo los cuadros el\u00e9ctricos.<\/p>\n\n<\/div>\n\n\n\n<div class=\"wp-block-column has-background is-layout-flow wp-block-column-is-layout-flow\" style=\"border-radius:8px;border-left-color:#0d3192;border-left-width:4px;background-color:#f5f5f5;padding-top:35px;padding-right:30px;padding-bottom:35px;padding-left:30px\">\n\n<h3 class=\"wp-block-heading\" style=\"font-size:1.15rem\">4. Programaci\u00f3n de PLCs y Robots<\/h3>\n\n\n<p style=\"color:#555555;font-size:0.95rem\">Contamos con programadores de robots y PLCs encargados de llevar a cabo de la manera m\u00e1s eficiente la realizaci\u00f3n del proceso productivo. Experiencia en: automatizaci\u00f3n de procesos, programaci\u00f3n de PLCs, interconexi\u00f3n entre m\u00e1quinas, integraci\u00f3n y programaci\u00f3n de robots FANUC, ST\u00c4UBLI, ABB, c\u00e1maras y lectores de c\u00f3digos.<\/p>\n\n<\/div>\n\n<\/div>\n\n\n\n<div class=\"wp-block-columns is-layout-flex wp-container-core-columns-is-layout-593741ae wp-block-columns-is-layout-flex\" style=\"margin-top:30px\">\n\n<div class=\"wp-block-column has-background is-layout-flow wp-block-column-is-layout-flow\" style=\"border-radius:8px;border-left-color:#feb801;border-left-width:4px;background-color:#f5f5f5;padding-top:35px;padding-right:30px;padding-bottom:35px;padding-left:30px\">\n\n<h3 class=\"wp-block-heading\" style=\"font-size:1.15rem\">5. Fabricaci\u00f3n de la Maquinaria<\/h3>\n\n\n<p style=\"color:#555555;font-size:0.95rem\">En nuestras instalaciones tenemos las m\u00e1quinas y el espacio necesarios para llevar a cabo la fabricaci\u00f3n. Nuestros t\u00e9cnicos de taller tienen a su disposici\u00f3n una amplia gama de m\u00e1quinas herramienta y un taller completo de calderer\u00eda que nos permite ser \u00e1giles y competitivos.<\/p>\n\n<\/div>\n\n\n\n<div class=\"wp-block-column has-background is-layout-flow wp-block-column-is-layout-flow\" style=\"border-radius:8px;border-left-color:#feb801;border-left-width:4px;background-color:#f5f5f5;padding-top:35px;padding-right:30px;padding-bottom:35px;padding-left:30px\">\n\n<h3 class=\"wp-block-heading\" style=\"font-size:1.15rem\">6. Integraci\u00f3n de Tecnolog\u00edas Propias<\/h3>\n\n\n<p style=\"color:#555555;font-size:0.95rem\">Tras a\u00f1os de experiencia en dise\u00f1o, fabricaci\u00f3n y montaje de maquinaria hemos desarrollado una metodolog\u00eda y tecnolog\u00edas que aplicamos en cada proyecto y que mejoramos con cada nuevo reto. Tales como: utillajes especiales, sistemas de paletizado, automatizaci\u00f3n.<\/p>\n\n<\/div>\n\n<\/div>\n\n\n\n<div class=\"wp-block-columns is-layout-flex wp-container-core-columns-is-layout-593741ae wp-block-columns-is-layout-flex\" style=\"margin-top:30px\">\n\n<div class=\"wp-block-column has-background is-layout-flow wp-block-column-is-layout-flow\" style=\"border-radius:8px;border-left-color:#feb801;border-left-width:4px;background-color:#f5f5f5;padding-top:35px;padding-right:30px;padding-bottom:35px;padding-left:30px\">\n\n<h3 class=\"wp-block-heading\" style=\"font-size:1.15rem\">7. Montaje de la Instalaci\u00f3n<\/h3>\n\n\n<p style=\"color:#555555;font-size:0.95rem\">Nuestro equipo de montaje de taller est\u00e1 formado por un gran n\u00famero de t\u00e9cnicos para satisfacer todas las demandas. Este equipo lo forma personal con gran experiencia en ensamblajes por lo que el producto final ser\u00e1 el resultado de un gran trabajo en equipo con las mejores t\u00e9cnicas de montaje.<\/p>\n\n<\/div>\n\n\n\n<div class=\"wp-block-column has-background is-layout-flow wp-block-column-is-layout-flow\" style=\"border-radius:8px;border-left-color:#feb801;border-left-width:4px;background-color:#f5f5f5;padding-top:35px;padding-right:30px;padding-bottom:35px;padding-left:30px\">\n\n<h3 class=\"wp-block-heading\" style=\"font-size:1.15rem\">8. Marcado CE<\/h3>\n\n\n<p style=\"color:#555555;font-size:0.95rem\">Todas nuestras m\u00e1quinas est\u00e1n certificadas bajo el marcado CE. Llevando a cabo una evaluaci\u00f3n de conformidad del producto estableciendo un expediente t\u00e9cnico y firmando una declaraci\u00f3n CE de conformidad. Certificando as\u00ed que cumplen con las normativas de seguridad y dise\u00f1o requeridas en la Comunidad Europea.<\/p>\n\n<\/div>\n\n<\/div>\n\n\n\n<div class=\"wp-block-columns is-layout-flex wp-container-core-columns-is-layout-593741ae wp-block-columns-is-layout-flex\" style=\"margin-top:30px\">\n\n<div class=\"wp-block-column has-background is-layout-flow wp-block-column-is-layout-flow\" style=\"border-radius:8px;border-left-color:#0d3192;border-left-width:4px;background-color:#f5f5f5;padding-top:35px;padding-right:30px;padding-bottom:35px;padding-left:30px\">\n\n<h3 class=\"wp-block-heading\" style=\"font-size:1.15rem\">9. Puesta en Servicio<\/h3>\n\n\n<p style=\"color:#555555;font-size:0.95rem\">Tras el montaje, cableado y programaci\u00f3n de la instalaci\u00f3n, nuestros t\u00e9cnicos y proyectistas ponen en servicio la m\u00e1quina. Se trata cuidadosamente cada ajuste necesario haciendo uso de piezas del cliente asegurando la conformidad y el cumplimiento de los requerimientos. Nuestra experiencia hace que el producto final vaya m\u00e1s all\u00e1 de las expectativas del cliente.<\/p>\n\n<\/div>\n\n\n\n<div class=\"wp-block-column has-background is-layout-flow wp-block-column-is-layout-flow\" style=\"border-radius:8px;border-left-color:#0d3192;border-left-width:4px;background-color:#f5f5f5;padding-top:35px;padding-right:30px;padding-bottom:35px;padding-left:30px\">\n\n<h3 class=\"wp-block-heading\" style=\"font-size:1.15rem\">10. Validaci\u00f3n por parte del Cliente<\/h3>\n\n\n<p style=\"color:#555555;font-size:0.95rem\">Desde el primer paso de la elaboraci\u00f3n del proyecto se est\u00e1 en continuo contacto con el cliente. Se le invita a visitar nuestras instalaciones siempre que as\u00ed lo desee. Una vez puesta en marcha la instalaci\u00f3n, se procede al proceso de aceptaci\u00f3n final, donde el cliente verifica que se cumplen las necesidades t\u00e9cnicas descritas.<\/p>\n\n<\/div>\n\n<\/div>\n\n\n\n<div class=\"wp-block-columns is-layout-flex wp-container-core-columns-is-layout-593741ae wp-block-columns-is-layout-flex\" style=\"margin-top:30px\">\n\n<div class=\"wp-block-column has-background is-layout-flow wp-block-column-is-layout-flow\" style=\"border-radius:8px;border-left-color:#0d3192;border-left-width:4px;background-color:#f5f5f5;padding-top:35px;padding-right:30px;padding-bottom:35px;padding-left:30px\">\n\n<h3 class=\"wp-block-heading\" style=\"font-size:1.15rem\">11. Instalaci\u00f3n en Casa del Cliente<\/h3>\n\n\n<p style=\"color:#555555;font-size:0.95rem\">En Elmo Benegas nos hacemos cargo del embalaje y transporte de la maquinaria hasta la casa del cliente as\u00ed como su montaje, tanto a nivel nacional como internacional. Nuestro equipo de instaladores aseguran que la instalaci\u00f3n quede perfectamente operativa. Tras esto se da formaci\u00f3n a los operarios de la planta.<\/p>\n\n<\/div>\n\n\n\n<div class=\"wp-block-column has-background is-layout-flow wp-block-column-is-layout-flow\" style=\"border-radius:8px;border-left-color:#0d3192;border-left-width:4px;background-color:#f5f5f5;padding-top:35px;padding-right:30px;padding-bottom:35px;padding-left:30px\">\n\n<h3 class=\"wp-block-heading\" style=\"font-size:1.15rem\">12. Servicio Postventa<\/h3>\n\n\n<p style=\"color:#555555;font-size:0.95rem\">Nuestro equipo comercial y de t\u00e9cnicos dan soporte post-venta tanto para consultas t\u00e9cnicas como para incidencias. Damos soporte en casa del cliente o mediante conexi\u00f3n remota. Nuestro departamento de recambios ofrece componentes de mercado as\u00ed como nuestros propios utillajes. Nuestra experiencia hace de nuestro servicio post venta una herramienta eficiente y fiable.<\/p>\n\n<\/div>\n\n<\/div>\n\n\n<\/div>\n","protected":false},"excerpt":{"rendered":"<p>1. An\u00e1lisis del Proyecto La realizaci\u00f3n de un proyecto comienza analizando junto a nuestros clientes las necesidades de producci\u00f3n que tienen. Para ello nuestro equipo&#8230;<\/p>\n","protected":false},"author":1,"featured_media":0,"parent":0,"menu_order":0,"comment_status":"closed","ping_status":"closed","template":"","meta":{"site-sidebar-layout":"no-sidebar","site-content-layout":"plain-container","ast-site-content-layout":"full-width","site-content-style":"default","site-sidebar-style":"default","ast-global-header-display":"","ast-banner-title-visibility":"","ast-main-header-display":"","ast-hfb-above-header-display":"","ast-hfb-below-header-display":"","ast-hfb-mobile-header-display":"","site-post-title":"disabled","ast-breadcrumbs-content":"","ast-featured-img":"","footer-sml-layout":"","ast-disable-related-posts":"","theme-transparent-header-meta":"disabled","adv-header-id-meta":"","stick-header-meta":"","header-above-stick-meta":"","header-main-stick-meta":"","header-below-stick-meta":"","astra-migrate-meta-layouts":"default","ast-page-background-enabled":"default","ast-page-background-meta":{"desktop":{"background-color":"var(--ast-global-color-5)","background-image":"","background-repeat":"repeat","background-position":"center center","background-size":"auto","background-attachment":"scroll","background-type":"","background-media":"","overlay-type":"","overlay-color":"","overlay-opacity":"","overlay-gradient":""},"tablet":{"background-color":"","background-image":"","background-repeat":"repeat","background-position":"center center","background-size":"auto","background-attachment":"scroll","background-type":"","background-media":"","overlay-type":"","overlay-color":"","overlay-opacity":"","overlay-gradient":""},"mobile":{"background-color":"","background-image":"","background-repeat":"repeat","background-position":"center center","background-size":"auto","background-attachment":"scroll","background-type":"","background-media":"","overlay-type":"","overlay-color":"","overlay-opacity":"","overlay-gradient":""}},"ast-content-background-meta":{"desktop":{"background-color":"var(--ast-global-color-4)","background-image":"","background-repeat":"repeat","background-position":"center center","background-size":"auto","background-attachment":"scroll","background-type":"","background-media":"","overlay-type":"","overlay-color":"","overlay-opacity":"","overlay-gradient":""},"tablet":{"background-color":"var(--ast-global-color-4)","background-image":"","background-repeat":"repeat","background-position":"center center","background-size":"auto","background-attachment":"scroll","background-type":"","background-media":"","overlay-type":"","overlay-color":"","overlay-opacity":"","overlay-gradient":""},"mobile":{"background-color":"var(--ast-global-color-4)","background-image":"","background-repeat":"repeat","background-position":"center center","background-size":"auto","background-attachment":"scroll","background-type":"","background-media":"","overlay-type":"","overlay-color":"","overlay-opacity":"","overlay-gradient":""}},"footnotes":""},"class_list":["post-28","page","type-page","status-publish","hentry"],"_links":{"self":[{"href":"https:\/\/elmobenegas.es\/index.php?rest_route=\/wp\/v2\/pages\/28","targetHints":{"allow":["GET"]}}],"collection":[{"href":"https:\/\/elmobenegas.es\/index.php?rest_route=\/wp\/v2\/pages"}],"about":[{"href":"https:\/\/elmobenegas.es\/index.php?rest_route=\/wp\/v2\/types\/page"}],"author":[{"embeddable":true,"href":"https:\/\/elmobenegas.es\/index.php?rest_route=\/wp\/v2\/users\/1"}],"replies":[{"embeddable":true,"href":"https:\/\/elmobenegas.es\/index.php?rest_route=%2Fwp%2Fv2%2Fcomments&post=28"}],"version-history":[{"count":2,"href":"https:\/\/elmobenegas.es\/index.php?rest_route=\/wp\/v2\/pages\/28\/revisions"}],"predecessor-version":[{"id":71,"href":"https:\/\/elmobenegas.es\/index.php?rest_route=\/wp\/v2\/pages\/28\/revisions\/71"}],"wp:attachment":[{"href":"https:\/\/elmobenegas.es\/index.php?rest_route=%2Fwp%2Fv2%2Fmedia&parent=28"}],"curies":[{"name":"wp","href":"https:\/\/api.w.org\/{rel}","templated":true}]}}