{"id":27,"date":"2026-03-09T19:30:13","date_gmt":"2026-03-09T18:30:13","guid":{"rendered":"https:\/\/elmobenegas.es\/?page_id=27"},"modified":"2026-03-10T15:16:53","modified_gmt":"2026-03-10T14:16:53","slug":"servicios","status":"publish","type":"page","link":"https:\/\/elmobenegas.es\/?page_id=27","title":{"rendered":"Servicios"},"content":{"rendered":"\n<div class=\"wp-block-cover alignfull\" style=\"min-height:300px;aspect-ratio:unset;\"><span aria-hidden=\"true\" class=\"wp-block-cover__background has-background-dim-100 has-background-dim\" style=\"background-color:#0d3192\"><\/span><div class=\"wp-block-cover__inner-container is-layout-flow wp-block-cover-is-layout-flow\">\n\n<h1 class=\"has-text-align-center wp-block-heading\" style=\"color:#ffffff\">Servicios<\/h1>\n\n\n<p class=\"has-text-align-center\" style=\"color:rgba(255,255,255,0.8)\">Soluciones integrales de ingenier\u00eda industrial<\/p>\n\n<\/div><\/div>\n\n\n\n<div class=\"wp-block-group alignfull is-layout-constrained wp-block-group-is-layout-constrained\" style=\"padding-top:80px;padding-bottom:80px\">\n\n\n<div class=\"wp-block-columns is-layout-flex wp-container-core-columns-is-layout-f2b4f319 wp-block-columns-is-layout-flex\">\n\n<div class=\"wp-block-column has-background is-layout-flow wp-block-column-is-layout-flow\" style=\"border-radius:8px;border-top-color:#0d3192;border-top-width:4px;background-color:#f5f5f5;padding-top:40px;padding-right:30px;padding-bottom:40px;padding-left:30px\">\n\n<h3 class=\"has-text-align-center wp-block-heading\">Mejora de Procesos<\/h3>\n\n\n<p class=\"has-text-align-center\" style=\"color:#555\">Asesoramiento t\u00e9cnico e ingenier\u00eda para la mejora de procesos industriales por medio del suministro de equipos y la integraci\u00f3n tecnol\u00f3gica.<\/p>\n\n\n<p class=\"has-text-align-center\"><a href=\"\/?page_id=43\">Ver m\u00e1s \u2192<\/a><\/p>\n\n<\/div>\n\n\n\n<div class=\"wp-block-column has-background is-layout-flow wp-block-column-is-layout-flow\" style=\"border-radius:8px;border-top-color:#0d3192;border-top-width:4px;background-color:#f5f5f5;padding-top:40px;padding-right:30px;padding-bottom:40px;padding-left:30px\">\n\n<h3 class=\"has-text-align-center wp-block-heading\">Automatizaci\u00f3n Industrial<\/h3>\n\n\n<p class=\"has-text-align-center\" style=\"color:#555\">Soluciones completas en la mejora y control de procesos mediante PLC&#8217;s, robots, SCADA, HMI y comunicaci\u00f3n industrial.<\/p>\n\n\n<p class=\"has-text-align-center\"><a href=\"\/?page_id=44\">Ver m\u00e1s \u2192<\/a><\/p>\n\n<\/div>\n\n<\/div>\n\n\n\n<div class=\"wp-block-columns is-layout-flex wp-container-core-columns-is-layout-593741ae wp-block-columns-is-layout-flex\" style=\"margin-top:30px\">\n\n<div class=\"wp-block-column has-background is-layout-flow wp-block-column-is-layout-flow\" style=\"border-radius:8px;border-top-color:#feb801;border-top-width:4px;background-color:#f5f5f5;padding-top:40px;padding-right:30px;padding-bottom:40px;padding-left:30px\">\n\n<h3 class=\"has-text-align-center wp-block-heading\">Instalaciones El\u00e9ctricas Industriales<\/h3>\n\n\n<p class=\"has-text-align-center\" style=\"color:#555\">Armarios el\u00e9ctricos, cableados, electrificaci\u00f3n de naves industriales e instalaciones de zonas clasificadas cumpliendo normativa CE.<\/p>\n\n\n<p class=\"has-text-align-center\"><a href=\"\/?page_id=45\">Ver m\u00e1s \u2192<\/a><\/p>\n\n<\/div>\n\n\n\n<div class=\"wp-block-column has-background is-layout-flow wp-block-column-is-layout-flow\" style=\"border-radius:8px;border-top-color:#feb801;border-top-width:4px;background-color:#f5f5f5;padding-top:40px;padding-right:30px;padding-bottom:40px;padding-left:30px\">\n\n<h3 class=\"has-text-align-center wp-block-heading\">Mantenimiento y Mejoras Continuas<\/h3>\n\n\n<p class=\"has-text-align-center\" style=\"color:#555\">Diagnosis y reparaci\u00f3n de aver\u00edas, reprogramaci\u00f3n, mejoras continuas, adaptaciones mec\u00e1nicas y el\u00e9ctricas.<\/p>\n\n\n<p class=\"has-text-align-center\"><a href=\"\/?page_id=46\">Ver m\u00e1s \u2192<\/a><\/p>\n\n<\/div>\n\n<\/div>\n\n\n\n<hr class=\"wp-block-separator\" style=\"margin-top:60px;margin-bottom:60px\"\/>\n\n\n\n<h2 class=\"has-text-align-center wp-block-heading\">Ingenier\u00eda de Maquinaria y Procesos Industriales<\/h2>\n\n\n\n<p class=\"has-text-align-center\" style=\"color:#555\">Dise\u00f1o, fabricaci\u00f3n y puesta en marcha de maquinaria industrial a medida<\/p>\n\n\n\n<div class=\"wp-block-columns is-layout-flex wp-container-core-columns-is-layout-3c99eb8b wp-block-columns-is-layout-flex\" style=\"margin-top:40px\">\n\n<div class=\"wp-block-column is-layout-flow wp-block-column-is-layout-flow\" style=\"padding-top:20px;padding-bottom:20px\">\n\n<h4 class=\"has-text-align-center wp-block-heading\">L\u00edneas de producci\u00f3n: acabados<\/h4>\n\n<\/div>\n\n\n<div class=\"wp-block-column is-layout-flow wp-block-column-is-layout-flow\" style=\"padding-top:20px;padding-bottom:20px\">\n\n<h4 class=\"has-text-align-center wp-block-heading\">L\u00edneas de producci\u00f3n: pintura-acabados<\/h4>\n\n<\/div>\n\n\n<div class=\"wp-block-column is-layout-flow wp-block-column-is-layout-flow\" style=\"padding-top:20px;padding-bottom:20px\">\n\n<h4 class=\"has-text-align-center wp-block-heading\">C\u00e9lulas robotizadas<\/h4>\n\n<\/div>\n\n<\/div>\n\n\n\n<div class=\"wp-block-columns is-layout-flex wp-container-core-columns-is-layout-133cf375 wp-block-columns-is-layout-flex\">\n\n<div class=\"wp-block-column is-layout-flow wp-block-column-is-layout-flow\" style=\"padding-top:20px;padding-bottom:20px\">\n\n<h4 class=\"has-text-align-center wp-block-heading\">Estaciones automatizadas y bancos de trabajo<\/h4>\n\n<\/div>\n\n\n<div class=\"wp-block-column is-layout-flow wp-block-column-is-layout-flow\" style=\"padding-top:20px;padding-bottom:20px\">\n\n<h4 class=\"has-text-align-center wp-block-heading\">Tratamientos t\u00e9rmicos<\/h4>\n\n<\/div>\n\n<\/div>\n\n\n<\/div>\n","protected":false},"excerpt":{"rendered":"<p>Mejora de Procesos Asesoramiento t\u00e9cnico e ingenier\u00eda para la mejora de procesos industriales por medio del suministro de equipos y la integraci\u00f3n tecnol\u00f3gica. Ver m\u00e1s&#8230;<\/p>\n","protected":false},"author":1,"featured_media":0,"parent":0,"menu_order":0,"comment_status":"closed","ping_status":"closed","template":"","meta":{"site-sidebar-layout":"no-sidebar","site-content-layout":"plain-container","ast-site-content-layout":"full-width","site-content-style":"default","site-sidebar-style":"default","ast-global-header-display":"","ast-banner-title-visibility":"","ast-main-header-display":"","ast-hfb-above-header-display":"","ast-hfb-below-header-display":"","ast-hfb-mobile-header-display":"","site-post-title":"disabled","ast-breadcrumbs-content":"","ast-featured-img":"","footer-sml-layout":"","ast-disable-related-posts":"","theme-transparent-header-meta":"disabled","adv-header-id-meta":"","stick-header-meta":"","header-above-stick-meta":"","header-main-stick-meta":"","header-below-stick-meta":"","astra-migrate-meta-layouts":"default","ast-page-background-enabled":"default","ast-page-background-meta":{"desktop":{"background-color":"var(--ast-global-color-5)","background-image":"","background-repeat":"repeat","background-position":"center center","background-size":"auto","background-attachment":"scroll","background-type":"","background-media":"","overlay-type":"","overlay-color":"","overlay-opacity":"","overlay-gradient":""},"tablet":{"background-color":"","background-image":"","background-repeat":"repeat","background-position":"center center","background-size":"auto","background-attachment":"scroll","background-type":"","background-media":"","overlay-type":"","overlay-color":"","overlay-opacity":"","overlay-gradient":""},"mobile":{"background-color":"","background-image":"","background-repeat":"repeat","background-position":"center center","background-size":"auto","background-attachment":"scroll","background-type":"","background-media":"","overlay-type":"","overlay-color":"","overlay-opacity":"","overlay-gradient":""}},"ast-content-background-meta":{"desktop":{"background-color":"var(--ast-global-color-4)","background-image":"","background-repeat":"repeat","background-position":"center center","background-size":"auto","background-attachment":"scroll","background-type":"","background-media":"","overlay-type":"","overlay-color":"","overlay-opacity":"","overlay-gradient":""},"tablet":{"background-color":"var(--ast-global-color-4)","background-image":"","background-repeat":"repeat","background-position":"center center","background-size":"auto","background-attachment":"scroll","background-type":"","background-media":"","overlay-type":"","overlay-color":"","overlay-opacity":"","overlay-gradient":""},"mobile":{"background-color":"var(--ast-global-color-4)","background-image":"","background-repeat":"repeat","background-position":"center center","background-size":"auto","background-attachment":"scroll","background-type":"","background-media":"","overlay-type":"","overlay-color":"","overlay-opacity":"","overlay-gradient":""}},"footnotes":""},"class_list":["post-27","page","type-page","status-publish","hentry"],"_links":{"self":[{"href":"https:\/\/elmobenegas.es\/index.php?rest_route=\/wp\/v2\/pages\/27","targetHints":{"allow":["GET"]}}],"collection":[{"href":"https:\/\/elmobenegas.es\/index.php?rest_route=\/wp\/v2\/pages"}],"about":[{"href":"https:\/\/elmobenegas.es\/index.php?rest_route=\/wp\/v2\/types\/page"}],"author":[{"embeddable":true,"href":"https:\/\/elmobenegas.es\/index.php?rest_route=\/wp\/v2\/users\/1"}],"replies":[{"embeddable":true,"href":"https:\/\/elmobenegas.es\/index.php?rest_route=%2Fwp%2Fv2%2Fcomments&post=27"}],"version-history":[{"count":2,"href":"https:\/\/elmobenegas.es\/index.php?rest_route=\/wp\/v2\/pages\/27\/revisions"}],"predecessor-version":[{"id":74,"href":"https:\/\/elmobenegas.es\/index.php?rest_route=\/wp\/v2\/pages\/27\/revisions\/74"}],"wp:attachment":[{"href":"https:\/\/elmobenegas.es\/index.php?rest_route=%2Fwp%2Fv2%2Fmedia&parent=27"}],"curies":[{"name":"wp","href":"https:\/\/api.w.org\/{rel}","templated":true}]}}