{"id":26,"date":"2026-03-09T19:30:13","date_gmt":"2026-03-09T18:30:13","guid":{"rendered":"https:\/\/elmobenegas.es\/?page_id=26"},"modified":"2026-03-10T15:16:53","modified_gmt":"2026-03-10T14:16:53","slug":"empresa","status":"publish","type":"page","link":"https:\/\/elmobenegas.es\/?page_id=26","title":{"rendered":"Empresa"},"content":{"rendered":"\n<div class=\"wp-block-cover alignfull\" style=\"min-height:300px;aspect-ratio:unset;\"><span aria-hidden=\"true\" class=\"wp-block-cover__background has-background-dim-100 has-background-dim\" style=\"background-color:#0d3192\"><\/span><div class=\"wp-block-cover__inner-container is-layout-flow wp-block-cover-is-layout-flow\">\n\n<h1 class=\"has-text-align-center wp-block-heading\" style=\"color:#ffffff\">Empresa<\/h1>\n\n<\/div><\/div>\n\n\n\n<div class=\"wp-block-group alignfull is-layout-constrained wp-block-group-is-layout-constrained\" style=\"padding-top:80px;padding-bottom:80px\">\n\n\n<h2 class=\"has-text-align-center wp-block-heading\">Qui\u00e9nes somos<\/h2>\n\n\n\n<p style=\"font-size:1.05rem;line-height:1.8\">ELMO BENEGAS es una empresa de ingenier\u00eda orientada a satisfacer las necesidades del mercado industrial. Contamos con un equipo t\u00e9cnico con una dilatada experiencia en el desarrollo y ejecuci\u00f3n de proyectos.<\/p>\n\n\n\n<p style=\"font-size:1.05rem;line-height:1.8\">ELMO BENEGAS inici\u00f3 sus actividades en el a\u00f1o 1.997 operando inicialmente en el sector de las instalaciones el\u00e9ctricas industriales.<\/p>\n\n\n\n<p style=\"font-size:1.05rem;line-height:1.8\">Hoy en d\u00eda, gracias al proceso resolutivo que hemos experimentado, tenemos la capacidad para poder atender las necesidades del mercado ofreciendo ingenier\u00eda a medida, mec\u00e1nica, el\u00e9ctrica y software, con soluciones integrales \u00abllaves en mano\u00bb.<\/p>\n\n\n\n<p style=\"font-size:1.05rem;line-height:1.8\">Es nuestra voluntad que nos identifiquen como un <strong>colaborador de confianza y resoluto<\/strong>.<\/p>\n\n\n\n<hr class=\"wp-block-separator\"\/>\n\n\n\n<h2 class=\"has-text-align-center wp-block-heading\">Equipo humano<\/h2>\n\n\n\n<p style=\"font-size:1.05rem;line-height:1.8\">ELMO BENEGAS cuenta con un equipo de <strong>35 profesionales<\/strong> debidamente formados en sus correspondientes disciplinas: ingenieros el\u00e9ctricos, mec\u00e1nicos y programadores.<\/p>\n\n\n\n<hr class=\"wp-block-separator\"\/>\n\n\n\n<h2 class=\"has-text-align-center wp-block-heading\">Elmo en el mundo<\/h2>\n\n\n\n<p style=\"font-size:1.05rem;line-height:1.8\">ELMO BENEGAS tiene instalaciones actualmente en <strong>7 pa\u00edses<\/strong> de todo el mundo. Tiene capacidad para dar cobertura t\u00e9cnica y desplazarse a casa del cliente siempre que sea necesaria una asistencia.<\/p>\n\n\n\n<p style=\"font-size:1.05rem;line-height:1.8\"><strong>Pa\u00edses con instalaciones:<\/strong> Canad\u00e1 (Quebec), M\u00e9xico (Tepotzotl\u00e1n), China (Wuhan, Chongqing), Ruman\u00eda (Ploiesti), Marruecos (Casablanca), Espa\u00f1a (Barcelona, Palencia), Alemania (Glinde).<\/p>\n\n\n\n<figure class=\"wp-block-image aligncenter size-large has-custom-border\"><img decoding=\"async\" src=\"https:\/\/elmobenegas.es\/wp-content\/uploads\/elmo-benegas\/empresa\/mapa.jpg\" alt=\"Mapa de presencia mundial\" style=\"border-radius:8px\"\/><\/figure>\n\n\n\n<h2 class=\"has-text-align-center wp-block-heading\" style=\"margin-top:60px\">V\u00eddeo corporativo<\/h2>\n\n\n\n<figure class=\"wp-block-embed is-type-video is-provider-youtube wp-block-embed-youtube wp-embed-aspect-16-9 wp-has-aspect-ratio\"><div class=\"wp-block-embed__wrapper\">\n<iframe loading=\"lazy\" title=\"ELMO ESP 2016\" width=\"500\" height=\"281\" src=\"https:\/\/www.youtube.com\/embed\/VIdfg0b3lIk?feature=oembed\" frameborder=\"0\" allow=\"accelerometer; autoplay; clipboard-write; encrypted-media; gyroscope; picture-in-picture; web-share\" referrerpolicy=\"strict-origin-when-cross-origin\" allowfullscreen><\/iframe>\n<\/div><\/figure>\n\n\n<\/div>\n","protected":false},"excerpt":{"rendered":"<p>Qui\u00e9nes somos ELMO BENEGAS es una empresa de ingenier\u00eda orientada a satisfacer las necesidades del mercado industrial. Contamos con un equipo t\u00e9cnico con una dilatada&#8230;<\/p>\n","protected":false},"author":1,"featured_media":0,"parent":0,"menu_order":0,"comment_status":"closed","ping_status":"closed","template":"","meta":{"site-sidebar-layout":"no-sidebar","site-content-layout":"plain-container","ast-site-content-layout":"full-width","site-content-style":"default","site-sidebar-style":"default","ast-global-header-display":"","ast-banner-title-visibility":"","ast-main-header-display":"","ast-hfb-above-header-display":"","ast-hfb-below-header-display":"","ast-hfb-mobile-header-display":"","site-post-title":"disabled","ast-breadcrumbs-content":"","ast-featured-img":"","footer-sml-layout":"","ast-disable-related-posts":"","theme-transparent-header-meta":"disabled","adv-header-id-meta":"","stick-header-meta":"","header-above-stick-meta":"","header-main-stick-meta":"","header-below-stick-meta":"","astra-migrate-meta-layouts":"default","ast-page-background-enabled":"default","ast-page-background-meta":{"desktop":{"background-color":"var(--ast-global-color-5)","background-image":"","background-repeat":"repeat","background-position":"center center","background-size":"auto","background-attachment":"scroll","background-type":"","background-media":"","overlay-type":"","overlay-color":"","overlay-opacity":"","overlay-gradient":""},"tablet":{"background-color":"","background-image":"","background-repeat":"repeat","background-position":"center center","background-size":"auto","background-attachment":"scroll","background-type":"","background-media":"","overlay-type":"","overlay-color":"","overlay-opacity":"","overlay-gradient":""},"mobile":{"background-color":"","background-image":"","background-repeat":"repeat","background-position":"center center","background-size":"auto","background-attachment":"scroll","background-type":"","background-media":"","overlay-type":"","overlay-color":"","overlay-opacity":"","overlay-gradient":""}},"ast-content-background-meta":{"desktop":{"background-color":"var(--ast-global-color-4)","background-image":"","background-repeat":"repeat","background-position":"center center","background-size":"auto","background-attachment":"scroll","background-type":"","background-media":"","overlay-type":"","overlay-color":"","overlay-opacity":"","overlay-gradient":""},"tablet":{"background-color":"var(--ast-global-color-4)","background-image":"","background-repeat":"repeat","background-position":"center center","background-size":"auto","background-attachment":"scroll","background-type":"","background-media":"","overlay-type":"","overlay-color":"","overlay-opacity":"","overlay-gradient":""},"mobile":{"background-color":"var(--ast-global-color-4)","background-image":"","background-repeat":"repeat","background-position":"center center","background-size":"auto","background-attachment":"scroll","background-type":"","background-media":"","overlay-type":"","overlay-color":"","overlay-opacity":"","overlay-gradient":""}},"footnotes":""},"class_list":["post-26","page","type-page","status-publish","hentry"],"_links":{"self":[{"href":"https:\/\/elmobenegas.es\/index.php?rest_route=\/wp\/v2\/pages\/26","targetHints":{"allow":["GET"]}}],"collection":[{"href":"https:\/\/elmobenegas.es\/index.php?rest_route=\/wp\/v2\/pages"}],"about":[{"href":"https:\/\/elmobenegas.es\/index.php?rest_route=\/wp\/v2\/types\/page"}],"author":[{"embeddable":true,"href":"https:\/\/elmobenegas.es\/index.php?rest_route=\/wp\/v2\/users\/1"}],"replies":[{"embeddable":true,"href":"https:\/\/elmobenegas.es\/index.php?rest_route=%2Fwp%2Fv2%2Fcomments&post=26"}],"version-history":[{"count":2,"href":"https:\/\/elmobenegas.es\/index.php?rest_route=\/wp\/v2\/pages\/26\/revisions"}],"predecessor-version":[{"id":73,"href":"https:\/\/elmobenegas.es\/index.php?rest_route=\/wp\/v2\/pages\/26\/revisions\/73"}],"wp:attachment":[{"href":"https:\/\/elmobenegas.es\/index.php?rest_route=%2Fwp%2Fv2%2Fmedia&parent=26"}],"curies":[{"name":"wp","href":"https:\/\/api.w.org\/{rel}","templated":true}]}}